{"id":8,"date":"2023-07-12T16:21:47","date_gmt":"2023-07-12T16:21:47","guid":{"rendered":"https:\/\/www.clicbuzz.com\/?page_id=8"},"modified":"2024-04-15T15:58:57","modified_gmt":"2024-04-15T15:58:57","slug":"contact","status":"publish","type":"page","link":"https:\/\/www.clicbuzz.com\/en\/contact\/","title":{"rendered":"CONTACT"},"content":{"rendered":"\n<div id=\"wp-block-themeisle-blocks-advanced-columns-f60a7d65\" class=\"wp-block-themeisle-blocks-advanced-columns alignfull has-3-columns has-desktop-equal-layout has-tablet-equal-layout has-mobile-equal-layout has-vertical-center has-dark-bg\"><div class=\"wp-block-themeisle-blocks-advanced-columns-overlay\"><\/div><div class=\"innerblocks-wrap\">\n<div id=\"wp-block-themeisle-blocks-advanced-column-aa679536\" class=\"wp-block-themeisle-blocks-advanced-column\">\n<figure class=\"wp-block-image size-full\"><a href=\"https:\/\/www.clicbuzz.com\/\"><img loading=\"lazy\" decoding=\"async\" width=\"68\" height=\"67\" src=\"https:\/\/www.clicbuzz.com\/wp-content\/uploads\/2023\/07\/ClicBuzz-Website-FaviconVioleta-1.png\" alt=\"\" class=\"wp-image-261\"\/><\/a><\/figure>\n<\/div>\n\n\n\n<div id=\"wp-block-themeisle-blocks-advanced-column-3090d5fc\" class=\"wp-block-themeisle-blocks-advanced-column\">\n<h2 class=\"wp-block-heading has-text-align-center has-nv-c-2-color has-text-color\" style=\"font-size:35px\">CONTACTO<\/h2>\n<\/div>\n\n\n\n<div id=\"wp-block-themeisle-blocks-advanced-column-9f487d9a\" class=\"wp-block-themeisle-blocks-advanced-column\">\n<div class=\"wp-block-group has-medium-font-size is-content-justification-right is-nowrap is-layout-flex wp-container-core-group-is-layout-fd526d70 wp-block-group-is-layout-flex\"><nav class=\"has-text-color has-nv-dark-bg-color is-responsive items-justified-right wp-block-navigation is-content-justification-right is-layout-flex wp-container-core-navigation-is-layout-1888cafc wp-block-navigation-is-layout-flex\" aria-label=\"primary\" \n\t\t data-wp-interactive=\"core\/navigation\" data-wp-context='{\"overlayOpenedBy\":{\"click\":false,\"hover\":false,\"focus\":false},\"type\":\"overlay\",\"roleAttribute\":\"\",\"ariaLabel\":\"Menu\"}'><button aria-haspopup=\"dialog\" aria-label=\"Open menu\" class=\"wp-block-navigation__responsive-container-open always-shown\" \n\t\t\t\tdata-wp-on--click=\"actions.openMenuOnClick\"\n\t\t\t\tdata-wp-on--keydown=\"actions.handleMenuKeydown\"\n\t\t\t><svg width=\"24\" height=\"24\" xmlns=\"http:\/\/www.w3.org\/2000\/svg\" viewBox=\"0 0 24 24\"><path d=\"M5 5v1.5h14V5H5z\"><\/path><path d=\"M5 12.8h14v-1.5H5v1.5z\"><\/path><path d=\"M5 19h14v-1.5H5V19z\"><\/path><\/svg><\/button>\n\t\t\t\t<div class=\"wp-block-navigation__responsive-container hidden-by-default has-text-color has-nv-dark-bg-color has-background has-nv-site-bg-background-color\"  id=\"modal-1\" \n\t\t\t\tdata-wp-class--has-modal-open=\"state.isMenuOpen\"\n\t\t\t\tdata-wp-class--is-menu-open=\"state.isMenuOpen\"\n\t\t\t\tdata-wp-watch=\"callbacks.initMenu\"\n\t\t\t\tdata-wp-on--keydown=\"actions.handleMenuKeydown\"\n\t\t\t\tdata-wp-on--focusout=\"actions.handleMenuFocusout\"\n\t\t\t\ttabindex=\"-1\"\n\t\t\t>\n\t\t\t\t\t<div class=\"wp-block-navigation__responsive-close\" tabindex=\"-1\">\n\t\t\t\t\t\t<div class=\"wp-block-navigation__responsive-dialog\" \n\t\t\t\tdata-wp-bind--aria-modal=\"state.ariaModal\"\n\t\t\t\tdata-wp-bind--aria-label=\"state.ariaLabel\"\n\t\t\t\tdata-wp-bind--role=\"state.roleAttribute\"\n\t\t\t>\n\t\t\t\t\t\t\t<button aria-label=\"Close menu\" class=\"wp-block-navigation__responsive-container-close\" \n\t\t\t\tdata-wp-on--click=\"actions.closeMenuOnClick\"\n\t\t\t><svg xmlns=\"http:\/\/www.w3.org\/2000\/svg\" viewBox=\"0 0 24 24\" width=\"24\" height=\"24\" aria-hidden=\"true\" focusable=\"false\"><path d=\"m13.06 12 6.47-6.47-1.06-1.06L12 10.94 5.53 4.47 4.47 5.53 10.94 12l-6.47 6.47 1.06 1.06L12 13.06l6.47 6.47 1.06-1.06L13.06 12Z\"><\/path><\/svg><\/button>\n\t\t\t\t\t\t\t<div class=\"wp-block-navigation__responsive-container-content\" \n\t\t\t\tdata-wp-watch=\"callbacks.focusFirstElement\"\n\t\t\t id=\"modal-1-content\">\n\t\t\t\t\t\t\t\t<ul class=\"wp-block-navigation__container has-text-color has-nv-dark-bg-color is-responsive items-justified-right wp-block-navigation\"><li class=\" wp-block-navigation-item wp-block-navigation-link\"><a class=\"wp-block-navigation-item__content\"  href=\"https:\/\/www.clicbuzz.com\/\"><span class=\"wp-block-navigation-item__label\">INICIO<\/span><\/a><\/li><li class=\" wp-block-navigation-item wp-block-navigation-link\"><a class=\"wp-block-navigation-item__content\"  href=\"https:\/\/www.clicbuzz.com\/servicio-de-marketing-digital-en-colombia-y-estados-unidos-clicbuzz\/\"><span class=\"wp-block-navigation-item__label\">SERVICIOS<\/span><\/a><\/li><li class=\" wp-block-navigation-item wp-block-navigation-link\"><a class=\"wp-block-navigation-item__content\"  href=\"https:\/\/www.clicbuzz.com\/nosotros\/\"><span class=\"wp-block-navigation-item__label\">NOSOTROS<\/span><\/a><\/li><li class=\" wp-block-navigation-item wp-block-navigation-link\"><a class=\"wp-block-navigation-item__content\"  href=\"https:\/\/www.clicbuzz.com\/contact\/\"><span class=\"wp-block-navigation-item__label\">CONTACTO<\/span><\/a><\/li><li class=\" wp-block-navigation-item wp-block-navigation-link\"><a class=\"wp-block-navigation-item__content\"  href=\"https:\/\/www.clicbuzz.com\/blog\/\"><span class=\"wp-block-navigation-item__label\">BLOG<\/span><\/a><\/li><\/ul>\n\t\t\t\t\t\t\t<\/div>\n\t\t\t\t\t\t<\/div>\n\t\t\t\t\t<\/div>\n\t\t\t\t<\/div><\/nav><\/div>\n<\/div>\n<\/div><\/div>\n\n\n\n<div id=\"wp-block-themeisle-blocks-advanced-columns-7e631926\" class=\"wp-block-themeisle-blocks-advanced-columns alignfull has-1-columns has-desktop-equal-layout has-tablet-equal-layout has-mobile-equal-layout has-vertical-unset\"><div class=\"wp-block-themeisle-blocks-advanced-columns-overlay\"><\/div><div class=\"innerblocks-wrap\">\n<div id=\"wp-block-themeisle-blocks-advanced-column-32edf740\" class=\"wp-block-themeisle-blocks-advanced-column\">\n<iframe src=\"https:\/\/www.google.com\/maps\/embed?pb=!1m18!1m12!1m3!1d3975.659176918987!2d-75.6612208!3d4.828453800000001!2m3!1f0!2f0!3f0!3m2!1i1024!2i768!4f13.1!3m3!1m2!1s0x8e388123897ddaab%3A0xc8f4d987812e03aa!2sClic%20Buzz!5e0!3m2!1ses!2sco!4v1713196672877!5m2!1ses!2sco\" width=\"100%\" height=\"350\" style=\"border:0;\" allowfullscreen=\"\" loading=\"lazy\" referrerpolicy=\"no-referrer-when-downgrade\"><\/iframe>\n<\/div>\n<\/div><\/div>\n\n\n\n<div id=\"wp-block-themeisle-blocks-advanced-columns-0c26b175\" class=\"wp-block-themeisle-blocks-advanced-columns alignfull has-1-columns has-desktop-equal-layout has-tablet-equal-layout has-mobile-equal-layout has-vertical-unset\"><div class=\"wp-block-themeisle-blocks-advanced-columns-overlay\"><\/div><div class=\"innerblocks-wrap\">\n<div id=\"wp-block-themeisle-blocks-advanced-column-76c3cc26\" class=\"wp-block-themeisle-blocks-advanced-column has-dark-bg\">\n<h2 style=\"text-align:center\"><span style=\"color:white\">\u00a1CONT\u00c1CTANOS PARA UNA <\/span><span style=\"color:#fab700\">ASESOR\u00cdA GRATIS!<\/span><\/h2>\n<\/div>\n<\/div><\/div>\n\n\n\n<div id=\"wp-block-themeisle-blocks-advanced-columns-1cd21b07\" class=\"wp-block-themeisle-blocks-advanced-columns alignfull has-1-columns has-desktop-equal-layout has-tablet-equal-layout has-mobile-equal-layout has-vertical-unset has-light-bg\"><div class=\"wp-block-themeisle-blocks-advanced-columns-overlay\"><\/div><div class=\"innerblocks-wrap\">\n<div id=\"wp-block-themeisle-blocks-advanced-column-11d2261f\" class=\"wp-block-themeisle-blocks-advanced-column\">\n<div id=\"wp-block-themeisle-blocks-advanced-columns-9e59448f\" class=\"wp-block-themeisle-blocks-advanced-columns has-3-columns has-desktop-oneThreeOne-layout has-tablet-equal-layout has-mobile-collapsedRows-layout has-vertical-center\"><div class=\"wp-block-themeisle-blocks-advanced-columns-overlay\"><\/div><div class=\"innerblocks-wrap\">\n<div id=\"wp-block-themeisle-blocks-advanced-column-2e1f4f1a\" class=\"wp-block-themeisle-blocks-advanced-column\"><\/div>\n\n\n\n<div id=\"wp-block-themeisle-blocks-advanced-column-00a62a2d\" class=\"wp-block-themeisle-blocks-advanced-column\"><style id=\"wpforms-css-vars-root\">\n\t\t\t\t:root {\n\t\t\t\t\t--wpforms-field-border-radius: 3px;\n--wpforms-field-border-style: solid;\n--wpforms-field-border-size: 1px;\n--wpforms-field-background-color: #ffffff;\n--wpforms-field-border-color: rgba( 0, 0, 0, 0.25 );\n--wpforms-field-border-color-spare: rgba( 0, 0, 0, 0.25 );\n--wpforms-field-text-color: rgba( 0, 0, 0, 0.7 );\n--wpforms-field-menu-color: #ffffff;\n--wpforms-label-color: rgba( 0, 0, 0, 0.85 );\n--wpforms-label-sublabel-color: rgba( 0, 0, 0, 0.55 );\n--wpforms-label-error-color: #d63637;\n--wpforms-button-border-radius: 3px;\n--wpforms-button-border-style: none;\n--wpforms-button-border-size: 1px;\n--wpforms-button-background-color: #066aab;\n--wpforms-button-border-color: #066aab;\n--wpforms-button-text-color: #ffffff;\n--wpforms-page-break-color: #066aab;\n--wpforms-background-image: none;\n--wpforms-background-position: center center;\n--wpforms-background-repeat: no-repeat;\n--wpforms-background-size: cover;\n--wpforms-background-width: 100px;\n--wpforms-background-height: 100px;\n--wpforms-background-color: rgba( 0, 0, 0, 0 );\n--wpforms-background-url: none;\n--wpforms-container-padding: 0px;\n--wpforms-container-border-style: none;\n--wpforms-container-border-width: 1px;\n--wpforms-container-border-color: #000000;\n--wpforms-container-border-radius: 3px;\n--wpforms-field-size-input-height: 43px;\n--wpforms-field-size-input-spacing: 15px;\n--wpforms-field-size-font-size: 16px;\n--wpforms-field-size-line-height: 19px;\n--wpforms-field-size-padding-h: 14px;\n--wpforms-field-size-checkbox-size: 16px;\n--wpforms-field-size-sublabel-spacing: 5px;\n--wpforms-field-size-icon-size: 1;\n--wpforms-label-size-font-size: 16px;\n--wpforms-label-size-line-height: 19px;\n--wpforms-label-size-sublabel-font-size: 14px;\n--wpforms-label-size-sublabel-line-height: 17px;\n--wpforms-button-size-font-size: 17px;\n--wpforms-button-size-height: 41px;\n--wpforms-button-size-padding-h: 15px;\n--wpforms-button-size-margin-top: 10px;\n--wpforms-container-shadow-size-box-shadow: none;\n\n\t\t\t\t}\n\t\t\t<\/style><style id=\"wpforms-css-vars-1571-block-4032061e-9895-428a-bea7-ee5aa23c026e\">\n\t\t\t\t#wpforms-1571.wpforms-block-4032061e-9895-428a-bea7-ee5aa23c026e {\n\t\t\t\t\t--wpforms-field-text-color: var(--nv-site-bg);\n--wpforms-label-sublabel-color: var(--nv-c-2);\n--wpforms-button-background-color: var(--nv-primary-accent);\n--wpforms-button-text-color: var(--nv-site-bg);\n--wpforms-field-size-input-height: 50px;\n--wpforms-field-size-input-spacing: 20px;\n--wpforms-field-size-font-size: 18px;\n--wpforms-field-size-line-height: 21px;\n--wpforms-field-size-padding-h: 14px;\n--wpforms-field-size-checkbox-size: 18px;\n--wpforms-field-size-sublabel-spacing: 10px;\n--wpforms-field-size-icon-size: 1.25;\n--wpforms-label-size-font-size: 18px;\n--wpforms-label-size-line-height: 21px;\n--wpforms-label-size-sublabel-font-size: 16px;\n--wpforms-label-size-sublabel-line-height: 19px;\n--wpforms-button-size-font-size: 20px;\n--wpforms-button-size-height: 48px;\n--wpforms-button-size-padding-h: 20px;\n--wpforms-button-size-margin-top: 15px;\n\n\t\t\t\t}\n\t\t\t<\/style><div class=\"wpforms-container wpforms-container-full wpforms-block wpforms-block-4032061e-9895-428a-bea7-ee5aa23c026e wpforms-render-modern\" id=\"wpforms-1571\"><form id=\"wpforms-form-1571\" class=\"wpforms-validate wpforms-form wpforms-ajax-form\" data-formid=\"1571\" method=\"post\" enctype=\"multipart\/form-data\" action=\"\/en\/wp-json\/wp\/v2\/pages\/8\" data-token=\"e41eaac03dfacbea349e5e42d0a44440\" data-token-time=\"1776520013\"><noscript class=\"wpforms-error-noscript\">Please enable JavaScript in your browser to complete this form.<\/noscript><div class=\"wpforms-hidden\" id=\"wpforms-error-noscript\">Please enable JavaScript in your browser to complete this form.<\/div><div class=\"wpforms-field-container\"><div id=\"wpforms-1571-field_3-container\" class=\"wpforms-field wpforms-field-text FN\" data-field-id=\"3\"><label class=\"wpforms-field-label wpforms-label-hide\" for=\"wpforms-1571-field_3\" aria-hidden=\"false\">Nombre <span class=\"wpforms-required-label\" aria-hidden=\"true\">*<\/span><\/label><input type=\"text\" id=\"wpforms-1571-field_3\" class=\"wpforms-field-medium wpforms-field-required\" name=\"wpforms[fields][3]\" placeholder=\"* Nombre\" aria-errormessage=\"wpforms-1571-field_3-error\" required><\/div><div id=\"wpforms-1571-field_4-container\" class=\"wpforms-field wpforms-field-text FNN\" data-field-id=\"4\"><label class=\"wpforms-field-label wpforms-label-hide\" for=\"wpforms-1571-field_4\" aria-hidden=\"false\">N\u00famero <span class=\"wpforms-required-label\" aria-hidden=\"true\">*<\/span><\/label><input type=\"text\" id=\"wpforms-1571-field_4\" class=\"wpforms-field-large wpforms-field-required\" name=\"wpforms[fields][4]\" placeholder=\"* N\u00famero\" aria-errormessage=\"wpforms-1571-field_4-error\" required><\/div><div id=\"wpforms-1571-field_1-container\" class=\"wpforms-field wpforms-field-email FE\" data-field-id=\"1\"><label class=\"wpforms-field-label wpforms-label-hide\" for=\"wpforms-1571-field_1\" aria-hidden=\"false\">Correo electr\u00f3nico <span class=\"wpforms-required-label\" aria-hidden=\"true\">*<\/span><\/label><input type=\"email\" id=\"wpforms-1571-field_1\" class=\"wpforms-field-large wpforms-field-required\" name=\"wpforms[fields][1]\" placeholder=\"* Email\" spellcheck=\"false\" aria-errormessage=\"wpforms-1571-field_1-error\" required><\/div><div id=\"wpforms-1571-field_5-container\" class=\"wpforms-field wpforms-field-text FM\" data-field-id=\"5\"><label class=\"wpforms-field-label wpforms-label-hide\" for=\"wpforms-1571-field_5\" aria-hidden=\"false\">Mensaje<\/label><input type=\"text\" id=\"wpforms-1571-field_5\" class=\"wpforms-field-medium\" name=\"wpforms[fields][5]\" placeholder=\"Mensaje\" aria-errormessage=\"wpforms-1571-field_5-error\" ><\/div><div id=\"wpforms-1571-field_8-container\" class=\"wpforms-field wpforms-field-checkbox\" data-field-id=\"8\"><fieldset><legend class=\"wpforms-field-label wpforms-label-hide\" aria-hidden=\"false\">Newsletter, Email y mensajes de texto<\/legend><ul id=\"wpforms-1571-field_8\"><li class=\"choice-2 depth-1 wpforms-selected\"><input type=\"checkbox\" id=\"wpforms-1571-field_8_2\" name=\"wpforms[fields][8][]\" value=\"S\u00ed, tambi\u00e9n me gustar\u00eda recibir correos y mensajes de texto promocionales\" aria-errormessage=\"wpforms-1571-field_8_2-error\"   checked='checked'><label class=\"wpforms-field-label-inline\" for=\"wpforms-1571-field_8_2\">S\u00ed, tambi\u00e9n me gustar\u00eda recibir correos y mensajes de texto promocionales<\/label><\/li><\/ul><\/fieldset><\/div><div id=\"wpforms-1571-field_7-container\" class=\"wpforms-field wpforms-field-checkbox\" data-field-id=\"7\"><fieldset><legend class=\"wpforms-field-label wpforms-label-hide\" aria-hidden=\"false\">Casillas de verificaci\u00f3n <span class=\"wpforms-required-label\" aria-hidden=\"true\">*<\/span><\/legend><ul id=\"wpforms-1571-field_7\" class=\"wpforms-field-required\"><li class=\"choice-1 depth-1\"><input type=\"checkbox\" id=\"wpforms-1571-field_7_1\" name=\"wpforms[fields][7][]\" value=\"He le\u00eddo y acepto la &lt;a target=&quot;_blank&quot; href=&quot;https:\/\/www.clicbuzz.com\/privacy-policy\/&quot;&gt;Pol\u00edtica de Privacidad&lt;\/a&gt;\" aria-errormessage=\"wpforms-1571-field_7_1-error\" required ><label class=\"wpforms-field-label-inline\" for=\"wpforms-1571-field_7_1\">He le\u00eddo y acepto la <a target=\"_blank\" href=\"https:\/\/www.clicbuzz.com\/privacy-policy\/\">Pol\u00edtica de Privacidad<\/a><\/label><\/li><\/ul><\/fieldset><\/div><\/div><!-- .wpforms-field-container --><div class=\"wpforms-submit-container\" ><input type=\"hidden\" name=\"wpforms[id]\" value=\"1571\"><input type=\"hidden\" name=\"page_title\" value=\"\"><input type=\"hidden\" name=\"page_url\" value=\"https:\/\/www.clicbuzz.com\/en\/wp-json\/wp\/v2\/pages\/8\"><button type=\"submit\" name=\"wpforms[submit]\" id=\"wpforms-submit-1571\" class=\"wpforms-submit\" data-alt-text=\"Enviando...\" data-submit-text=\"Enviar\" aria-live=\"assertive\" value=\"wpforms-submit\">Enviar<\/button><img loading=\"lazy\" decoding=\"async\" src=\"https:\/\/www.clicbuzz.com\/wp-content\/plugins\/wpforms-lite\/assets\/images\/submit-spin.svg\" class=\"wpforms-submit-spinner\" style=\"display: none;\" width=\"26\" height=\"26\" alt=\"Loading\"><\/div><\/form><\/div>  <!-- .wpforms-container --><\/div>\n\n\n\n<div id=\"wp-block-themeisle-blocks-advanced-column-f59e1a9a\" class=\"wp-block-themeisle-blocks-advanced-column\"><div class=\"wp-block-image\">\n<figure class=\"aligncenter size-full is-resized\"><img loading=\"lazy\" decoding=\"async\" width=\"400\" height=\"400\" src=\"https:\/\/www.clicbuzz.com\/wp-content\/uploads\/2023\/07\/Gif_HOME-1.gif\" alt=\"\" class=\"wp-image-1666\" style=\"width:226px;height:226px\"\/><\/figure>\n<\/div><\/div>\n<\/div><\/div>\n<\/div>\n<\/div><\/div>\n\n\n\n<h2 style=\"text-align:center\"><span style=\"color:#452473\">TENEMOS PRESENCIA EN <\/span><span style=\"color:#fab700\">USA Y ESPA\u00d1A<\/span><\/h2>\n\n\n\n<script type=\"text\/javascript\">\n  \n  document.addEventListener(\"DOMContentLoaded\", function() {\n    var floatingButton = document.getElementById(\"ht-ctc-chat\");\n    var footer = document.querySelector(\"footer\");\n\n    var footerOffset = footer.offsetTop;\n    var windowHeight = window.innerHeight;\n\n    window.addEventListener(\"scroll\", function() {\n        var scrollPosition = window.pageYOffset + windowHeight;\n        \n        if (scrollPosition >= footerOffset) {\n            floatingButton.style.bottom = (scrollPosition - footerOffset + 5) + \"px\";\n        } else {\n            floatingButton.style.bottom = \"5px\";\n        }\n    });\n});\n\n<\/script>\n","protected":false},"excerpt":{"rendered":"<p>TENEMOS PRESENCIA EN USA Y ESPA\u00d1A<\/p>","protected":false},"author":1,"featured_media":0,"parent":0,"menu_order":0,"comment_status":"closed","ping_status":"closed","template":"","meta":{"neve_meta_sidebar":"","neve_meta_container":"","neve_meta_enable_content_width":"on","neve_meta_content_width":100,"neve_meta_title_alignment":"","neve_meta_author_avatar":"","neve_post_elements_order":"","neve_meta_disable_header":"on","neve_meta_disable_footer":"","neve_meta_disable_title":"on","_themeisle_gutenberg_block_has_review":false,"footnotes":""},"class_list":["post-8","page","type-page","status-publish","hentry"],"yoast_head":"<!-- This site is optimized with the Yoast SEO plugin v27.4 - https:\/\/yoast.com\/product\/yoast-seo-wordpress\/ -->\n<title>CONTACTO - Clic Buzz | Marketing Digital<\/title>\n<meta name=\"robots\" content=\"index, follow, max-snippet:-1, max-image-preview:large, max-video-preview:-1\" \/>\n<link rel=\"canonical\" href=\"https:\/\/www.clicbuzz.com\/en\/contact\/\" \/>\n<meta property=\"og:locale\" content=\"en_US\" \/>\n<meta property=\"og:type\" content=\"article\" \/>\n<meta property=\"og:title\" content=\"CONTACTO - Clic Buzz | Marketing Digital\" \/>\n<meta property=\"og:description\" content=\"TENEMOS PRESENCIA EN USA Y ESPA\u00d1A\" \/>\n<meta property=\"og:url\" content=\"https:\/\/www.clicbuzz.com\/en\/contact\/\" \/>\n<meta property=\"og:site_name\" content=\"Clic Buzz | Marketing Digital\" \/>\n<meta property=\"article:publisher\" content=\"https:\/\/facebook.com\/profile.php?id=100093424838980\" \/>\n<meta property=\"article:modified_time\" content=\"2024-04-15T15:58:57+00:00\" \/>\n<meta property=\"og:image\" content=\"https:\/\/www.clicbuzz.com\/wp-content\/uploads\/2023\/07\/ClicBuzz-Website-FaviconVioleta-1.png\" \/>\n<meta name=\"twitter:card\" content=\"summary_large_image\" \/>\n<meta name=\"twitter:label1\" content=\"Est. reading time\" \/>\n\t<meta name=\"twitter:data1\" content=\"1 minute\" \/>\n<script type=\"application\/ld+json\" class=\"yoast-schema-graph\">{\"@context\":\"https:\\\/\\\/schema.org\",\"@graph\":[{\"@type\":\"WebPage\",\"@id\":\"https:\\\/\\\/www.clicbuzz.com\\\/contact\\\/\",\"url\":\"https:\\\/\\\/www.clicbuzz.com\\\/contact\\\/\",\"name\":\"CONTACTO - Clic Buzz | Marketing Digital\",\"isPartOf\":{\"@id\":\"https:\\\/\\\/www.clicbuzz.com\\\/en\\\/#website\"},\"primaryImageOfPage\":{\"@id\":\"https:\\\/\\\/www.clicbuzz.com\\\/contact\\\/#primaryimage\"},\"image\":{\"@id\":\"https:\\\/\\\/www.clicbuzz.com\\\/contact\\\/#primaryimage\"},\"thumbnailUrl\":\"https:\\\/\\\/www.clicbuzz.com\\\/wp-content\\\/uploads\\\/2023\\\/07\\\/ClicBuzz-Website-FaviconVioleta-1.png\",\"datePublished\":\"2023-07-12T16:21:47+00:00\",\"dateModified\":\"2024-04-15T15:58:57+00:00\",\"breadcrumb\":{\"@id\":\"https:\\\/\\\/www.clicbuzz.com\\\/contact\\\/#breadcrumb\"},\"inLanguage\":\"en-US\",\"potentialAction\":[{\"@type\":\"ReadAction\",\"target\":[\"https:\\\/\\\/www.clicbuzz.com\\\/contact\\\/\"]}]},{\"@type\":\"ImageObject\",\"inLanguage\":\"en-US\",\"@id\":\"https:\\\/\\\/www.clicbuzz.com\\\/contact\\\/#primaryimage\",\"url\":\"https:\\\/\\\/www.clicbuzz.com\\\/wp-content\\\/uploads\\\/2023\\\/07\\\/ClicBuzz-Website-FaviconVioleta-1.png\",\"contentUrl\":\"https:\\\/\\\/www.clicbuzz.com\\\/wp-content\\\/uploads\\\/2023\\\/07\\\/ClicBuzz-Website-FaviconVioleta-1.png\"},{\"@type\":\"BreadcrumbList\",\"@id\":\"https:\\\/\\\/www.clicbuzz.com\\\/contact\\\/#breadcrumb\",\"itemListElement\":[{\"@type\":\"ListItem\",\"position\":1,\"name\":\"Portada\",\"item\":\"https:\\\/\\\/www.clicbuzz.com\\\/\"},{\"@type\":\"ListItem\",\"position\":2,\"name\":\"CONTACTO\"}]},{\"@type\":\"WebSite\",\"@id\":\"https:\\\/\\\/www.clicbuzz.com\\\/en\\\/#website\",\"url\":\"https:\\\/\\\/www.clicbuzz.com\\\/en\\\/\",\"name\":\"Clic Buzz | Marketing Digital\",\"description\":\"Servicio de marketing digital en colombia y united states\",\"publisher\":{\"@id\":\"https:\\\/\\\/www.clicbuzz.com\\\/en\\\/#organization\"},\"potentialAction\":[{\"@type\":\"SearchAction\",\"target\":{\"@type\":\"EntryPoint\",\"urlTemplate\":\"https:\\\/\\\/www.clicbuzz.com\\\/en\\\/?s={search_term_string}\"},\"query-input\":{\"@type\":\"PropertyValueSpecification\",\"valueRequired\":true,\"valueName\":\"search_term_string\"}}],\"inLanguage\":\"en-US\"},{\"@type\":\"Organization\",\"@id\":\"https:\\\/\\\/www.clicbuzz.com\\\/en\\\/#organization\",\"name\":\"ClicBuzz Agency\",\"url\":\"https:\\\/\\\/www.clicbuzz.com\\\/en\\\/\",\"logo\":{\"@type\":\"ImageObject\",\"inLanguage\":\"en-US\",\"@id\":\"https:\\\/\\\/www.clicbuzz.com\\\/en\\\/#\\\/schema\\\/logo\\\/image\\\/\",\"url\":\"https:\\\/\\\/www.clicbuzz.com\\\/wp-content\\\/uploads\\\/2023\\\/07\\\/ClicBuzz-Redes-02-1.png\",\"contentUrl\":\"https:\\\/\\\/www.clicbuzz.com\\\/wp-content\\\/uploads\\\/2023\\\/07\\\/ClicBuzz-Redes-02-1.png\",\"width\":3800,\"height\":2936,\"caption\":\"ClicBuzz Agency\"},\"image\":{\"@id\":\"https:\\\/\\\/www.clicbuzz.com\\\/en\\\/#\\\/schema\\\/logo\\\/image\\\/\"},\"sameAs\":[\"https:\\\/\\\/facebook.com\\\/profile.php?id=100093424838980\",\"https:\\\/\\\/www.instagram.com\\\/clic_buzz\\\/\"]}]}<\/script>\n<!-- \/ Yoast SEO plugin. -->","yoast_head_json":{"title":"CONTACTO - Clic Buzz | Marketing Digital","robots":{"index":"index","follow":"follow","max-snippet":"max-snippet:-1","max-image-preview":"max-image-preview:large","max-video-preview":"max-video-preview:-1"},"canonical":"https:\/\/www.clicbuzz.com\/en\/contact\/","og_locale":"en_US","og_type":"article","og_title":"CONTACTO - Clic Buzz | Marketing Digital","og_description":"TENEMOS PRESENCIA EN USA Y ESPA\u00d1A","og_url":"https:\/\/www.clicbuzz.com\/en\/contact\/","og_site_name":"Clic Buzz | Marketing Digital","article_publisher":"https:\/\/facebook.com\/profile.php?id=100093424838980","article_modified_time":"2024-04-15T15:58:57+00:00","og_image":[{"url":"https:\/\/www.clicbuzz.com\/wp-content\/uploads\/2023\/07\/ClicBuzz-Website-FaviconVioleta-1.png","type":"","width":"","height":""}],"twitter_card":"summary_large_image","twitter_misc":{"Est. reading time":"1 minute"},"schema":{"@context":"https:\/\/schema.org","@graph":[{"@type":"WebPage","@id":"https:\/\/www.clicbuzz.com\/contact\/","url":"https:\/\/www.clicbuzz.com\/contact\/","name":"CONTACTO - Clic Buzz | Marketing Digital","isPartOf":{"@id":"https:\/\/www.clicbuzz.com\/en\/#website"},"primaryImageOfPage":{"@id":"https:\/\/www.clicbuzz.com\/contact\/#primaryimage"},"image":{"@id":"https:\/\/www.clicbuzz.com\/contact\/#primaryimage"},"thumbnailUrl":"https:\/\/www.clicbuzz.com\/wp-content\/uploads\/2023\/07\/ClicBuzz-Website-FaviconVioleta-1.png","datePublished":"2023-07-12T16:21:47+00:00","dateModified":"2024-04-15T15:58:57+00:00","breadcrumb":{"@id":"https:\/\/www.clicbuzz.com\/contact\/#breadcrumb"},"inLanguage":"en-US","potentialAction":[{"@type":"ReadAction","target":["https:\/\/www.clicbuzz.com\/contact\/"]}]},{"@type":"ImageObject","inLanguage":"en-US","@id":"https:\/\/www.clicbuzz.com\/contact\/#primaryimage","url":"https:\/\/www.clicbuzz.com\/wp-content\/uploads\/2023\/07\/ClicBuzz-Website-FaviconVioleta-1.png","contentUrl":"https:\/\/www.clicbuzz.com\/wp-content\/uploads\/2023\/07\/ClicBuzz-Website-FaviconVioleta-1.png"},{"@type":"BreadcrumbList","@id":"https:\/\/www.clicbuzz.com\/contact\/#breadcrumb","itemListElement":[{"@type":"ListItem","position":1,"name":"Portada","item":"https:\/\/www.clicbuzz.com\/"},{"@type":"ListItem","position":2,"name":"CONTACTO"}]},{"@type":"WebSite","@id":"https:\/\/www.clicbuzz.com\/en\/#website","url":"https:\/\/www.clicbuzz.com\/en\/","name":"Clic Buzz | Marketing Digital","description":"Servicio de marketing digital en colombia y united states","publisher":{"@id":"https:\/\/www.clicbuzz.com\/en\/#organization"},"potentialAction":[{"@type":"SearchAction","target":{"@type":"EntryPoint","urlTemplate":"https:\/\/www.clicbuzz.com\/en\/?s={search_term_string}"},"query-input":{"@type":"PropertyValueSpecification","valueRequired":true,"valueName":"search_term_string"}}],"inLanguage":"en-US"},{"@type":"Organization","@id":"https:\/\/www.clicbuzz.com\/en\/#organization","name":"ClickBuzz Agency","url":"https:\/\/www.clicbuzz.com\/en\/","logo":{"@type":"ImageObject","inLanguage":"en-US","@id":"https:\/\/www.clicbuzz.com\/en\/#\/schema\/logo\/image\/","url":"https:\/\/www.clicbuzz.com\/wp-content\/uploads\/2023\/07\/ClicBuzz-Redes-02-1.png","contentUrl":"https:\/\/www.clicbuzz.com\/wp-content\/uploads\/2023\/07\/ClicBuzz-Redes-02-1.png","width":3800,"height":2936,"caption":"ClicBuzz Agency"},"image":{"@id":"https:\/\/www.clicbuzz.com\/en\/#\/schema\/logo\/image\/"},"sameAs":["https:\/\/facebook.com\/profile.php?id=100093424838980","https:\/\/www.instagram.com\/clic_buzz\/"]}]}},"jetpack_sharing_enabled":true,"_links":{"self":[{"href":"https:\/\/www.clicbuzz.com\/en\/wp-json\/wp\/v2\/pages\/8","targetHints":{"allow":["GET"]}}],"collection":[{"href":"https:\/\/www.clicbuzz.com\/en\/wp-json\/wp\/v2\/pages"}],"about":[{"href":"https:\/\/www.clicbuzz.com\/en\/wp-json\/wp\/v2\/types\/page"}],"author":[{"embeddable":true,"href":"https:\/\/www.clicbuzz.com\/en\/wp-json\/wp\/v2\/users\/1"}],"replies":[{"embeddable":true,"href":"https:\/\/www.clicbuzz.com\/en\/wp-json\/wp\/v2\/comments?post=8"}],"version-history":[{"count":62,"href":"https:\/\/www.clicbuzz.com\/en\/wp-json\/wp\/v2\/pages\/8\/revisions"}],"predecessor-version":[{"id":2077,"href":"https:\/\/www.clicbuzz.com\/en\/wp-json\/wp\/v2\/pages\/8\/revisions\/2077"}],"wp:attachment":[{"href":"https:\/\/www.clicbuzz.com\/en\/wp-json\/wp\/v2\/media?parent=8"}],"curies":[{"name":"wp","href":"https:\/\/api.w.org\/{rel}","templated":true}]}}